{"id":1514,"date":"2014-10-13T09:48:56","date_gmt":"2014-10-13T09:48:56","guid":{"rendered":"https:\/\/drkerekesfanni.hu\/kontakt\/"},"modified":"2014-10-13T09:48:56","modified_gmt":"2014-10-13T09:48:56","slug":"kontakt","status":"publish","type":"page","link":"https:\/\/drkerekesfanni.hu\/de\/kontakt\/","title":{"rendered":"Kontakt"},"content":{"rendered":"<div id=\"map\" style=\"width: auto; height: 450px;\">\u00a0<\/div>\r\n<p><script type=\"text\/javascript\">\/\/ <![CDATA[\r\nvar myStyle = [\r\n{\r\n featureType: \"administrative\",\r\n elementType: \"labels\",\r\n stylers: [\r\n   { visibility: \"off\" }\r\n ]\r\n},{\r\n featureType: \"poi\",\r\n elementType: \"labels\",\r\n stylers: [\r\n   { visibility: \"off\" }\r\n ]\r\n},{\r\n featureType: \"water\",\r\n elementType: \"labels\",\r\n stylers: [\r\n   { visibility: \"off\" }\r\n ]\r\n},{\r\n featureType: \"road\",\r\n elementType: \"labels\",\r\n stylers: [\r\n   { visibility: \"on\" }\r\n ]\r\n}\r\n];\r\nvar map = new google.maps.Map(document.getElementById('map'), {\r\nmapTypeControlOptions: {\r\n mapTypeIds: ['mystyle', google.maps.MapTypeId.ROADMAP, google.maps.MapTypeId.TERRAIN]\r\n},\r\ncenter: new google.maps.LatLng(47.490230, 19.047163),\r\nzoom: 12,\r\nmapTypeId: 'mystyle'\r\n});\r\n\r\n\r\nvar lexodentlogo = '\/includes\/images\/lexodentlogo.png';\r\nvar lexodentlatlng = new google.maps.LatLng(47.509158, 19.017261);\r\n\/\/ now, create the marker\r\nvar lexodentmarker = new google.maps.Marker({\r\nposition: lexodentlatlng,\r\nmap: map,\r\ntitle:'Lexodont',\r\nicon: lexodentlogo\r\n});\r\nvar  lexodentcontentString = '<strong>Lexodont <\/strong> 1026 Budapest, Trombit\u00e1s \u00fat 2. fszt\/2.';\r\nvar  lexodentinfowindow = new google.maps.InfoWindow({\r\ncontent: lexodentcontentString\r\n});\r\n\r\nvar clinidentlogo = '\/includes\/images\/clinidentlogo.png';\r\nvar clinidentlatlng = new google.maps.LatLng(47.522637, 19.059105);\r\n\/\/ now, create the marker\r\nvar clinidentmarker = new google.maps.Marker({\r\nposition: clinidentlatlng,\r\nmap: map,\r\ntitle:'Clinident',\r\nicon: clinidentlogo\r\n});\r\nvar  clinidentcontentString = '<strong>Clinident <\/strong> 1133 Budapest, Tutaj u. 6\/b';\r\nvar  clinidentinfowindow = new google.maps.InfoWindow({\r\ncontent: clinidentcontentString\r\n});\r\n\r\nvar avicennalogo = '\/\/drkerekesfanni.hu\/media\/2023\/09\/avicennalogo.png';\r\nvar avicennalatlng = new google.maps.LatLng(47.509746,19.059722);\r\n\/\/ now, create the marker\r\nvar avicennamarker = new google.maps.Marker({\r\nposition: avicennalatlng,\r\nmap: map,\r\ntitle:'Avicenna',\r\nicon: avicennalogo\r\n});\r\nvar  avicennacontentString = '<strong>Avicenna <\/strong> 1067 Budapest, Podmaniczky utca 33.';\r\nvar  avicennainfowindow = new google.maps.InfoWindow({\r\ncontent: avicennacontentString\r\n});\r\n\r\n\r\ngoogle.maps.event.addListener(lexodentmarker, 'click', function() {\r\nlexodentinfowindow.open(map,lexodentmarker);\r\n});\r\n\r\ngoogle.maps.event.addListener(clinidentmarker, 'click', function() {\r\nclinidentinfowindow.open(map,clinidentmarker);\r\n});\r\n\r\ngoogle.maps.event.addListener(dent4youmarker, 'click', function() {\r\ndent4youinfowindow.open(map, dent4youmarker);\r\n});\r\n\r\ngoogle.maps.event.addListener(avicennamarker, 'click', function() {\r\navicennainfowindow.open(map,avicennamarker);\r\n});\r\n\r\nmap.mapTypes.set('mystyle', new google.maps.StyledMapType(myStyle, { name: 'Fanni' }));\r\n\/\/ ]]><\/script><\/p>\r\n<div class=\"dt-sc-clear dt-sc-hr-invisible\" style=\"height: 20px;\">\u00a0<\/div>\r\n<h3>Arbeitspl\u00e4tze<\/h3>\r\n<div class=\"column dt-sc-one-half contact first\" style=\"padding-left: 30px; box-sizing: border-box;\">\r\n<h4>Lexodont<\/h4>\r\n<p class=\"dt-sc-contact-info address\"><i class=\"fa fa-hospital-o\"><\/i><a href=\"https:\/\/www.google.com\/maps\/search\/?api=1&amp;query=1026+Budapest+Trombitas+ut+2\">1026 Budapest, Trombit\u00e1s \u00fat 2. fsz\/2.<\/a><\/p>\r\n<p class=\"dt-sc-contact-info\"><i class=\"fa fa-phone\"><\/i><a href=\"tel:+3617872467\">+36 1 787 2467<\/a><\/p>\r\n<p class=\"dt-sc-contact-info\"><i class=\"fa fa-external-link\"><\/i><a href=\"http:\/\/lexodont.hu\/\" target=\"_blank\" rel=\"noopener noreferrer\">www.lexodont.hu<\/a><\/p>\r\n<p class=\"dt-sc-contact-info\"><i class=\"fa fa-envelope-o\"><\/i><a href=\"mailto:lexodontidopont@gmail.com\">lexodontidopont@gmail.com<\/a><\/p>\r\n<p class=\"dt-sc-contact-info\">Gesch\u00e4ftszeiten:<br \/>Dienstag: 14:30-20:00<\/p>\r\n<\/div>\r\n<div class=\"column dt-sc-one-half contact last \" style=\"padding-left: 30px; box-sizing: border-box;\">\r\n<h4>Clinident Fog\u00e1szati Centrum<\/h4>\r\n<p class=\"dt-sc-contact-info address\"><i class=\"fa fa-hospital-o\"><\/i><a href=\"https:\/\/www.google.com\/maps\/search\/?api=1&amp;query=1133+Budapest+Tutaj+utca+6b\">1133 Budapest, Tutaj u. 6\/b<\/a><\/p>\r\n<p class=\"dt-sc-contact-info\"><i class=\"fa fa-phone\"><\/i><a href=\"tel:+3618012250\">+36 1 801 2250<\/a>, <a href=\"tel:+36202645840\">+36 20 264 5840<\/a><\/p>\r\n<p class=\"dt-sc-contact-info\"><i class=\"fa fa-external-link\"><\/i><a href=\"http:\/\/clinident.hu\/\" target=\"_blank\" rel=\"noopener noreferrer\">www.clinident.hu<\/a><\/p>\r\n<p class=\"dt-sc-contact-info\"><i class=\"fa fa-envelope-o\"><\/i><a href=\"mailto:info@clinident.hu\">info@clinident.hu<\/a><\/p>\r\n<p class=\"dt-sc-contact-info\"><i class=\"fa fa-clock-o\"><\/i>Gesch\u00e4ftszeiten:<br \/>Montag: 9:00-19:00<br \/>Dienstag: 9:00-13:30<br \/>Mittwoch: 9:00-19:00<\/p>\r\n<\/div>\r\n<div class=\"dt-sc-clear\">\u00a0<\/div>\r\n<div class=\"dt-sc-hr-invisible-medium \">\u00a0<\/div>\r\n<div class=\"column dt-sc-one-half contact last\" style=\"padding-right: 30px; box-sizing: border-box;\">\r\n<h4>Avicenna Dental<\/h4>\r\n<p class=\"dt-sc-contact-info address\"><i class=\"fa fa-hospital-o\"><\/i><a href=\"https:\/\/www.google.com\/maps\/search\/?api=1&amp;query=1067+Budapest+Podmaniczky+utca+33\">1067 Budapest, Podmaniczky utca 33.<\/a><\/p>\r\n<p class=\"dt-sc-contact-info\"><i class=\"fa fa-phone\"><\/i><a href=\"tel:+36203955218\">+36 20 3955218<\/a><\/p>\r\n<p class=\"dt-sc-contact-info\"><i class=\"fa fa-external-link\"><\/i><a href=\"https:\/\/avicenna-med.hu\/\" target=\"_blank\" rel=\"noopener noreferrer\">www.avicenna-med.hu<\/a><\/p>\r\n<p class=\"dt-sc-contact-info\"><i class=\"fa fa-envelope-o\"><\/i><a href=\"mailto:avicenna@avicenna-med.hu\">avicenna@avicenna-med.hu <\/a><\/p>\r\n<p class=\"dt-sc-contact-info\"><i class=\"fa fa-clock-o\"><\/i>Gesch\u00e4ftszeiten:<br \/>Donnerstag: 9:00-13:00<br \/>monatlich<\/p>\r\n<\/div>\r\n<div class=\"dt-sc-clear\">\u00a0<\/div>\r\n<div class=\"dt-sc-hr-invisible-medium \">\u00a0<\/div>\r\n\r\n<div class=\"column dt-sc-one-column first\"><style type=\"text\/css\" scoped>\r\n\r\ntable#fanniwork {\r\n\t font-family: sans-serif;\r\n\t width: 100%;\r\n\t border-spacing: 0;\r\n\t border-collapse: collapse;\r\n\t table-layout: fixed;\r\n\t margin-bottom: 50px;\r\n}\r\n table#fanniwork thead tr th {\r\n\t background: #7c4591;\r\n\t color: #f8f4fa;\r\n\t padding: 0.5em;\r\n\t overflow: hidden;\r\n\t text-align: center;\r\n}\r\n table#fanniwork thead tr th:first-child {\r\n\t border-radius: 3px 0 0 0;\r\n}\r\n table#fanniwork thead tr th:last-child {\r\n\t border-radius: 0 3px 0 0;\r\n}\r\n table#fanniwork thead tr th .day {\r\n\t display: block;\r\n\t font-size: 1.2em;\r\n\t border-radius: 50%;\r\n\t width: 30px;\r\n\t height: 30px;\r\n\t margin: 0 auto 5px;\r\n\t padding: 5px;\r\n\t line-height: 1.8;\r\n}\r\n table#fanniwork thead tr th .short {\r\n\t display: none;\r\n}\r\n table#fanniwork tbody tr {\r\n\t background: #f8f4fa;\r\n}\r\n table#fanniwork tbody tr:nth-child(odd) {\r\n\t background: #eee3f2;\r\n}\r\n table#fanniwork tbody tr:nth-child(2n+0) td {\r\n\t border-bottom: 1px solid #7c4591;\r\n}\r\n table#fanniwork tbody tr td {\r\n\t text-align: center;\r\n\t vertical-align: middle;\r\n\t border-left: 1px solid #7c4591;\r\n\t position: relative;\r\n\t cursor: pointer;\r\n}\r\n table#fanniwork tbody tr td:last-child {\r\n\t border-right: 1px solid #7c4591;\r\n}\r\n table#fanniwork tbody tr td.hour {\r\n\t font-size: 1.5em;\r\n\t padding: 0;\r\n\t color: #7c4591;\r\n\t background: #fff;\r\n\t border-bottom: 1px solid #7c4591;\r\n\t border-collapse: separate;\r\n\t min-width: 100px;\r\n\t cursor: default;\r\n}\r\n table#fanniwork tbody tr td.hour span {\r\n\t display: block;\r\n}\r\n table#fanniwork tbody tr td.work {\r\n\t color: #7c4591;\r\n\t background: #ffffff;\r\n\t border-bottom: 1px solid #7c4591;\r\n\t border-collapse: separate;\r\n\t min-width: 100px;\r\n\t cursor: default;\r\n}\r\n @media (max-width: 60em) {\r\n\t table#fanniwork thead tr th .long {\r\n\t\t display: none;\r\n\t}\r\n\t table#fanniwork thead tr th .short {\r\n\t\t display: block;\r\n\t}\r\n\t table#fanniwork tbody tr td.hour span {\r\n\t\t transform: rotate(270deg);\r\n\t\t -webkit-transform: rotate(270deg);\r\n\t\t -moz-transform: rotate(270deg);\r\n\t\t font-size: 50%;\r\n\t}\r\n}\r\n @media (max-width: 27em) {\r\n\t table#fanniwork thead tr th {\r\n\t\t font-size: 65%;\r\n\t}\r\n\t table#fanniwork thead tr th .day {\r\n\t\t display: block;\r\n\t\t font-size: 1.2em;\r\n\t\t border-radius: 50%;\r\n\t\t width: 20px;\r\n\t\t height: 20px;\r\n\t\t margin: 0 auto 5px;\r\n\t\t padding: 5px;\r\n\t}\r\n\t table#fanniwork thead tr th .day.active {\r\n\t\t background: #f8f4fa;\r\n\t\t color: #7c4591;\r\n\t}\r\n\t table#fanniwork tbody tr td.hour {\r\n\t\t font-size: 1.7em;\r\n\t}\r\n\t table#fanniwork tbody tr td.hour sspan {\r\n\t\t transform: translateY(16px) rotate(270deg);\r\n\t\t -webkit-transform: translateY(16px) rotate(270deg);\r\n\t\t -moz-transform: translateY(16px) rotate(270deg);\r\n\t}\r\n}\r\n \r\n<\/style>\r\n<h3>Wochenansicht<\/h3>\r\n\r\n\r\n\r\n\r\n\r\n\r\n\r\n\r\n\r\n\r\n<table id=\"fanniwork\">\r\n<thead>\r\n<tr>\r\n<th>&nbsp;<\/th>\r\n<th><span class=\"long\">Montag<\/span> <span class=\"short\">Mo<\/span><\/th>\r\n<th><span class=\"long\">Dienstag<\/span> <span class=\"short\">Di<\/span><\/th>\r\n<th><span class=\"long\">Mittwoch<\/span> <span class=\"short\">Mi<\/span><\/th>\r\n<th><span class=\"long\">Donnerstag<\/span> <span class=\"short\">Do<\/span><\/th>\r\n<\/tr>\r\n<\/thead>\r\n<tbody>\r\n\r\n\r\n\r\n<!-- 08:00 -->\r\n<tr>\r\n\t<td class=\"hour\" rowspan=\"2\">8:00<\/td>\r\n\t<!-- Hetf\u0151 -->\r\n\t<td>&nbsp;<\/td>\r\n\t<!-- Kedd -->\r\n\t<td>&nbsp;<\/td>\r\n\t<!-- Szerda -->\r\n\t<td>&nbsp;<\/td>\r\n\t<!-- Cs\u00fct\u00f6rt\u00f6k -->\r\n\t<td>&nbsp;<\/td>\r\n<\/tr>\r\n<tr>\r\n\t<!-- Hetf\u0151 -->\r\n\t<td>&nbsp;<\/td>\r\n\t<!-- Kedd -->\r\n\t<td>&nbsp;<\/td>\r\n\t<!-- Szerda -->\r\n\t<td>&nbsp;<\/td>\r\n\t<!-- Cs\u00fct\u00f6rt\u00f6k -->\r\n\t<td>&nbsp;<\/td>\r\n<\/tr>\r\n\r\n\r\n\r\n<!-- 09:00 -->\r\n<tr>\r\n\t<td class=\"hour\" rowspan=\"2\" >9:00<\/td>\r\n\t<td class=\"work\" rowspan=\"20\">Clinident<br \/>09:00 &#8211; 19:00<\/td>\r\n\t<td class=\"work\" rowspan=\"9\" >Clinident<br \/>09:00 &#8211; 13:30<\/td>\r\n\t<td class=\"work\" rowspan=\"20\">Clinident<br \/>09:00 &#8211; 19:00<\/td>\r\n\t<td class=\"work\" rowspan=\"9\" >Avicenna Dental<br \/>09:00 &#8211; 13:30<br \/>havi egy rendel\u00e9s<\/td>\r\n<\/tr>\r\n<tr>\r\n\t<!-- <td><\/td> -->\r\n\t<!-- <td><\/td> -->\r\n\t<!-- <td><\/td> -->\r\n\t<!-- <td><\/td> -->\r\n<\/tr>\r\n\r\n\r\n\r\n<!-- 10:00 -->\r\n<tr>\r\n\t<td class=\"hour\" rowspan=\"2\">10:00<\/td>\r\n\t<!-- <td><\/td> -->\r\n\t<!-- <td><\/td> -->\r\n\t<!-- <td><\/td> -->\r\n\t<!-- <td><\/td> -->\r\n<\/tr>\r\n<tr>\r\n\t<!-- <td><\/td> -->\r\n\t<!-- <td><\/td> -->\r\n\t<!-- <td><\/td> -->\r\n\t<!-- <td><\/td> -->\r\n<\/tr>\r\n\r\n\r\n\r\n<!-- 11:00 -->\r\n<tr>\r\n\t<td class=\"hour\" rowspan=\"2\">11:00<\/td>\r\n\t<!-- <td><\/td> -->\r\n\t<!-- <td><\/td> -->\r\n\t<!-- <td><\/td> -->\r\n\t<!-- <td><\/td> -->\r\n<\/tr>\r\n<tr>\r\n\t<!-- <td><\/td> -->\r\n\t<!-- <td><\/td> -->\r\n\t<!-- <td><\/td> -->\r\n\t<!-- <td><\/td> -->\r\n<\/tr>\r\n\r\n\r\n\r\n<!-- 12:00 -->\r\n<tr>\r\n\t<td class=\"hour\" rowspan=\"2\">12:00<\/td>\r\n\t<!-- <td><\/td> -->\r\n\t<!-- <td><\/td> -->\r\n\t<!-- <td><\/td> -->\r\n\t<!-- <td><\/td> -->\r\n<\/tr>\r\n<tr>\r\n\t<!-- <td><\/td> -->\r\n\t<!-- <td><\/td> -->\r\n\t<!-- <td><\/td> -->\r\n\t<!-- <td><\/td> -->\r\n<\/tr>\r\n\r\n\r\n\r\n<!-- 13:00 -->\r\n<tr>\r\n\t<td class=\"hour\" rowspan=\"2\">13:00<\/td>\r\n\t<!-- <td><\/td> -->\r\n\t<!-- <td><\/td> -->\r\n\t<!-- <td><\/td> -->\r\n\t<!-- <td><\/td> -->\r\n<\/tr>\r\n<tr>\r\n\t<!-- <td><\/td> -->\r\n\t<!-- <td><\/td> -->\r\n\t<td>&nbsp;<\/td>\r\n\t<td>&nbsp;<\/td>\r\n<\/tr>\r\n\r\n\r\n\r\n<!-- 14:00 -->\r\n<tr>\r\n\t<td class=\"hour\" rowspan=\"2\">14:00<\/td>\r\n\t<!-- <td><\/td> -->\r\n\t<!-- <td><\/td> -->\r\n\t<td>&nbsp;<\/td>\r\n\t<td>&nbsp;<\/td>\r\n<\/tr>\r\n<tr>\r\n\t<!-- <td><\/td> -->\r\n\t<td class=\"work\" rowspan=\"9\">Lexodont<br \/>14:30 &#8211; 19:00<\/td>\r\n\t<!-- <td ><\/td> -->\r\n\t<td>&nbsp;<\/td>\r\n<\/tr>\r\n\r\n\r\n\r\n<!-- 15:00 -->\r\n<tr>\r\n\t<td class=\"hour\" rowspan=\"2\">15:00<\/td>\r\n\t<!-- <td><\/td> -->\r\n\t<!-- <td><\/td> -->\r\n\t<!-- <td><\/td> -->\r\n\t<td>&nbsp;<\/td>\r\n<\/tr>\r\n<tr>\r\n\t<!-- <td><\/td> -->\r\n\t<!-- <td><\/td> -->\r\n\t<!-- <td><\/td> -->\r\n\t<td>&nbsp;<\/td>\r\n<\/tr>\r\n\r\n\r\n\r\n<!-- 16:00 -->\r\n<tr>\r\n\t<td class=\"hour\" rowspan=\"2\">16:00<\/td>\r\n\t<!-- <td><\/td> -->\r\n\t<!-- <td><\/td> -->\r\n\t<!-- <td><\/td> -->\r\n\t<td>&nbsp;<\/td>\r\n<\/tr>\r\n<tr>\r\n\t<!-- <td><\/td> -->\r\n\t<!-- <td><\/td> -->\r\n\t<!-- <td><\/td> -->\r\n\t<td>&nbsp;<\/td>\r\n<\/tr>\r\n\r\n\r\n\r\n<!-- 17:00 -->\r\n<tr>\r\n\t<td class=\"hour\" rowspan=\"2\">17:00<\/td>\r\n\t<!-- <td><\/td> -->\r\n\t<!-- <td><\/td> -->\r\n\t<!-- <td><\/td> -->\r\n\t<td>&nbsp;<\/td>\r\n<\/tr>\r\n<tr>\r\n\t<!-- <td><\/td> -->\r\n\t<!-- <td><\/td> -->\r\n\t<!-- <td><\/td> -->\r\n\t<td>&nbsp;<\/td>\r\n<\/tr>\r\n\r\n\r\n\r\n<!-- 18:00 -->\r\n<tr>\r\n\t<td class=\"hour\" rowspan=\"2\">18:00<\/td>\r\n\t<!-- <td><\/td> -->\r\n\t<!-- <td><\/td> -->\r\n\t<!-- <td><\/td> -->\r\n\t<td>&nbsp;<\/td>\r\n<\/tr>\r\n<tr>\r\n\t<!-- <td><\/td> -->\r\n\t<!-- <td><\/td> -->\r\n\t<!-- <td><\/td> -->\r\n\t<td>&nbsp;<\/td>\r\n<\/tr>\r\n\r\n\r\n\r\n<!-- 19:00 -->\r\n<tr>\r\n\t<td class=\"hour\" rowspan=\"2\">19:00<\/td>\r\n\t<td>&nbsp;<\/td>\r\n\t<td>&nbsp;<\/td>\r\n\t<td>&nbsp;<\/td>\r\n\t<td>&nbsp;<\/td>\r\n<\/tr>\r\n<tr>\r\n\t<td>&nbsp;<\/td>\r\n\t<td>&nbsp;<\/td>\r\n\t<td>&nbsp;<\/td>\r\n\t<td>&nbsp;<\/td>\r\n<\/tr>\r\n<!-- 20:00 -->\r\n<tr>\r\n\t<td class=\"hour\" rowspan=\"2\">20:00<\/td>\r\n\t<td>&nbsp;<\/td>\r\n\t<td>&nbsp;<\/td>\r\n\t<td>&nbsp;<\/td>\r\n\t<td>&nbsp;<\/td>\r\n<\/tr>\r\n<tr>\r\n\t<td>&nbsp;<\/td>\r\n\t<td>&nbsp;<\/td>\r\n\t<td>&nbsp;<\/td>\r\n\t<td>&nbsp;<\/td>\r\n<\/tr>\r\n<\/tbody>\r\n<\/table>\r\n\r\n\r\n\r\n\r\n\r\n\r\n\r\n\r\n\r\n\r\n\r\n\r\n\r\n\r\n\r\n\r\n\r\n\r\n\r\n\r\n\r\n\r\n\r\n<\/div>\r\n\r\n<div class=\"dt-sc-clear\">\u00a0<\/div>\r\n<div class=\"dt-sc-hr-invisible-medium \">\u00a0<\/div>\r\n<div class=\"column dt-sc-two-third first\">\r\n<h3>Nachricht<\/h3>\r\n\n<div class=\"wpcf7 no-js\" id=\"wpcf7-f621-o1\" lang=\"de-DE\" dir=\"ltr\" data-wpcf7-id=\"621\">\n<div class=\"screen-reader-response\"><p role=\"status\" aria-live=\"polite\" aria-atomic=\"true\"><\/p> <ul><\/ul><\/div>\n<form action=\"\/de\/wp-json\/wp\/v2\/pages\/1514#wpcf7-f621-o1\" method=\"post\" class=\"wpcf7-form init\" aria-label=\"Contact form\" enctype=\"multipart\/form-data\" novalidate=\"novalidate\" data-status=\"init\">\n<fieldset class=\"hidden-fields-container\"><input type=\"hidden\" name=\"_wpcf7\" value=\"621\" \/><input type=\"hidden\" name=\"_wpcf7_version\" value=\"6.1\" \/><input type=\"hidden\" name=\"_wpcf7_locale\" value=\"de_DE\" \/><input type=\"hidden\" name=\"_wpcf7_unit_tag\" value=\"wpcf7-f621-o1\" \/><input type=\"hidden\" name=\"_wpcf7_container_post\" value=\"0\" \/><input type=\"hidden\" name=\"_wpcf7_posted_data_hash\" value=\"\" \/><input type=\"hidden\" name=\"_wpcf7_recaptcha_response\" value=\"\" \/>\n<\/fieldset>\n<div class=\"column dt-sc-one-half first\">\n\t<p>Name (n\u00f6tig)\n\t<\/p>\n\t<p><span class=\"wpcf7-form-control-wrap\" data-name=\"your-name\"><input size=\"40\" maxlength=\"400\" class=\"wpcf7-form-control wpcf7-text wpcf7-validates-as-required\" aria-required=\"true\" aria-invalid=\"false\" value=\"\" type=\"text\" name=\"your-name\" \/><\/span>\n\t<\/p>\n<\/div>\n<div class=\"column dt-sc-one-half\">\n\t<p>Email (n\u00f6tig)\n\t<\/p>\n\t<p><span class=\"wpcf7-form-control-wrap\" data-name=\"your-email\"><input size=\"40\" maxlength=\"400\" class=\"wpcf7-form-control wpcf7-email wpcf7-validates-as-required wpcf7-text wpcf7-validates-as-email\" aria-required=\"true\" aria-invalid=\"false\" value=\"\" type=\"email\" name=\"your-email\" \/><\/span>\n\t<\/p>\n<\/div>\n<div class=\"clear\">\n<\/div>\n<p>Telefonnummer\n<\/p>\n<p><span class=\"wpcf7-form-control-wrap\" data-name=\"tel-204\"><input size=\"40\" maxlength=\"400\" class=\"wpcf7-form-control wpcf7-tel wpcf7-text wpcf7-validates-as-tel\" aria-invalid=\"false\" value=\"\" type=\"tel\" name=\"tel-204\" \/><\/span>\n<\/p>\n<div class=\"clear\">\n<\/div>\n<p>Sie k\u00f6nnen Ihr Panorama R\u00f6ntgenbild f\u00fcr eine vorl\u00e4ufige Beratung hochladen\n<\/p>\n<p><span class=\"wpcf7-form-control-wrap\" data-name=\"file-798\"><input size=\"40\" class=\"wpcf7-form-control wpcf7-file\" accept=\"audio\/*,video\/*,image\/*\" aria-invalid=\"false\" type=\"file\" name=\"file-798\" \/><\/span>\n<\/p>\n<div class=\"clear\">\n<\/div>\n<div class=\"hr-invisible-very-small\">\n<\/div>\n<p>Betreff\n<\/p>\n<p><span class=\"wpcf7-form-control-wrap\" data-name=\"your-subject\"><input size=\"40\" maxlength=\"400\" class=\"wpcf7-form-control wpcf7-text\" aria-invalid=\"false\" value=\"\" type=\"text\" name=\"your-subject\" \/><\/span>\n<\/p>\n<div class=\"clear\">\n<\/div>\n<div class=\"hr-invisible-very-small\">\n<\/div>\n<p>Nachricht\n<\/p>\n<p><span class=\"wpcf7-form-control-wrap\" data-name=\"your-message\"><textarea cols=\"40\" rows=\"10\" maxlength=\"2000\" class=\"wpcf7-form-control wpcf7-textarea\" aria-invalid=\"false\" name=\"your-message\"><\/textarea><\/span>\n<\/p>\n<div class=\"clear\">\n<\/div>\n<div class=\"hr-invisible-very-small\">\n<\/div>\n<p><input class=\"wpcf7-form-control wpcf7-submit has-spinner\" type=\"submit\" value=\"Senden\" \/>\n<\/p><div class=\"wpcf7-response-output\" aria-hidden=\"true\"><\/div>\n<\/form>\n<\/div>\n<\/div>\r\n<div class=\"column dt-sc-one-third \" style=\"display: none;\">\r\n<h3>Foglaljon id\u0151pontot<\/h3>\r\nHa id\u0151pontot foglal, nem kell v\u00e1rakozni, az \u00d6n sz\u00e1m\u00e1ra is megfelel\u0151, el\u0151re egyeztetett id\u0151pontban j\u00f6het.\r\n<div class=\"dt-sc-appointment\">\r\n<p class=\"dt-sc-contact-info\"><i class=\"fa fa-pencil\"><\/i>Online \u0171rlap: <a href=\"https:\/\/drkerekesfanni.hu\/termin-buchen\/?lang=de\">T\u00f6ltse ki ezt az \u0171rlapot<\/a><\/p>\r\n<\/div>\r\n<\/div>","protected":false},"excerpt":{"rendered":"<p>\u00a0 \u00a0 Arbeitspl\u00e4tze Lexodont 1026 Budapest, Trombit\u00e1s \u00fat 2. fsz\/2. +36 1 787 2467 www.lexodont.hu lexodontidopont@gmail.com Gesch\u00e4ftszeiten:Dienstag: 14:30-20:00 Clinident Fog\u00e1szati Centrum 1133 Budapest, Tutaj u. 6\/b +36 1 801 2250, +36 20 264 5840 www.clinident.hu info@clinident.hu Gesch\u00e4ftszeiten:Montag: 9:00-19:00Dienstag: 9:00-13:30Mittwoch: 9:00-19:00 \u00a0 \u00a0 Avicenna Dental 1067 Budapest, Podmaniczky utca 33. +36 20 3955218 www.avicenna-med.hu avicenna@avicenna-med.hu Gesch\u00e4ftszeiten:Donnerstag: <\/p>\n","protected":false},"author":1,"featured_media":1261,"parent":0,"menu_order":0,"comment_status":"open","ping_status":"open","template":"","meta":{"footnotes":""},"class_list":["post-1514","page","type-page","status-publish","has-post-thumbnail","hentry"],"yoast_head":"<!-- This site is optimized with the Yoast SEO plugin v25.3.1 - https:\/\/yoast.com\/wordpress\/plugins\/seo\/ -->\n<title>Kontakt | Kerekes Fanni<\/title>\n<meta name=\"robots\" content=\"index, follow, max-snippet:-1, max-image-preview:large, max-video-preview:-1\" \/>\n<link rel=\"canonical\" href=\"https:\/\/drkerekesfanni.hu\/de\/kontakt\/\" \/>\n<meta property=\"og:locale\" content=\"de_DE\" \/>\n<meta property=\"og:type\" content=\"article\" \/>\n<meta property=\"og:title\" content=\"Kontakt | Kerekes Fanni\" \/>\n<meta property=\"og:description\" content=\"\u00a0 \u00a0 Arbeitspl\u00e4tze Lexodont 1026 Budapest, Trombit\u00e1s \u00fat 2. fsz\/2. +36 1 787 2467 www.lexodont.hu lexodontidopont@gmail.com Gesch\u00e4ftszeiten:Dienstag: 14:30-20:00 Clinident Fog\u00e1szati Centrum 1133 Budapest, Tutaj u. 6\/b +36 1 801 2250, +36 20 264 5840 www.clinident.hu info@clinident.hu Gesch\u00e4ftszeiten:Montag: 9:00-19:00Dienstag: 9:00-13:30Mittwoch: 9:00-19:00 \u00a0 \u00a0 Avicenna Dental 1067 Budapest, Podmaniczky utca 33. +36 20 3955218 www.avicenna-med.hu avicenna@avicenna-med.hu Gesch\u00e4ftszeiten:Donnerstag:\" \/>\n<meta property=\"og:url\" content=\"https:\/\/drkerekesfanni.hu\/de\/kontakt\/\" \/>\n<meta property=\"og:site_name\" content=\"Kerekes Fanni\" \/>\n<meta property=\"og:image\" content=\"https:\/\/drkerekesfanni.hu\/uploads\/2014\/10\/kapcsolat_header.jpg\" \/>\n\t<meta property=\"og:image:width\" content=\"1024\" \/>\n\t<meta property=\"og:image:height\" content=\"250\" \/>\n\t<meta property=\"og:image:type\" content=\"image\/jpeg\" \/>\n<meta name=\"twitter:label1\" content=\"Est. reading time\" \/>\n\t<meta name=\"twitter:data1\" content=\"1 minute\" \/>\n<script type=\"application\/ld+json\" class=\"yoast-schema-graph\">{\"@context\":\"https:\/\/schema.org\",\"@graph\":[{\"@type\":\"WebPage\",\"@id\":\"https:\/\/drkerekesfanni.hu\/de\/kontakt\/\",\"url\":\"https:\/\/drkerekesfanni.hu\/de\/kontakt\/\",\"name\":\"Kontakt | Kerekes Fanni\",\"isPartOf\":{\"@id\":\"https:\/\/drkerekesfanni.hu\/en\/#website\"},\"primaryImageOfPage\":{\"@id\":\"https:\/\/drkerekesfanni.hu\/de\/kontakt\/#primaryimage\"},\"image\":{\"@id\":\"https:\/\/drkerekesfanni.hu\/de\/kontakt\/#primaryimage\"},\"thumbnailUrl\":\"https:\/\/drkerekesfanni.hu\/uploads\/2014\/10\/kapcsolat_header.jpg\",\"datePublished\":\"2014-10-13T09:48:56+00:00\",\"breadcrumb\":{\"@id\":\"https:\/\/drkerekesfanni.hu\/de\/kontakt\/#breadcrumb\"},\"inLanguage\":\"de-DE\",\"potentialAction\":[{\"@type\":\"ReadAction\",\"target\":[\"https:\/\/drkerekesfanni.hu\/de\/kontakt\/\"]}]},{\"@type\":\"ImageObject\",\"inLanguage\":\"de-DE\",\"@id\":\"https:\/\/drkerekesfanni.hu\/de\/kontakt\/#primaryimage\",\"url\":\"https:\/\/drkerekesfanni.hu\/uploads\/2014\/10\/kapcsolat_header.jpg\",\"contentUrl\":\"https:\/\/drkerekesfanni.hu\/uploads\/2014\/10\/kapcsolat_header.jpg\",\"width\":1024,\"height\":250},{\"@type\":\"BreadcrumbList\",\"@id\":\"https:\/\/drkerekesfanni.hu\/de\/kontakt\/#breadcrumb\",\"itemListElement\":[{\"@type\":\"ListItem\",\"position\":1,\"name\":\"Kezd\u0151lap\",\"item\":\"https:\/\/drkerekesfanni.hu\/en\/\"},{\"@type\":\"ListItem\",\"position\":2,\"name\":\"Kontakt\"}]},{\"@type\":\"WebSite\",\"@id\":\"https:\/\/drkerekesfanni.hu\/en\/#website\",\"url\":\"https:\/\/drkerekesfanni.hu\/en\/\",\"name\":\"Kerekes Fanni\",\"description\":\"Why so serious?\",\"potentialAction\":[{\"@type\":\"SearchAction\",\"target\":{\"@type\":\"EntryPoint\",\"urlTemplate\":\"https:\/\/drkerekesfanni.hu\/en\/?s={search_term_string}\"},\"query-input\":{\"@type\":\"PropertyValueSpecification\",\"valueRequired\":true,\"valueName\":\"search_term_string\"}}],\"inLanguage\":\"de-DE\"}]}<\/script>\n<!-- \/ Yoast SEO plugin. -->","yoast_head_json":{"title":"Kontakt | Kerekes Fanni","robots":{"index":"index","follow":"follow","max-snippet":"max-snippet:-1","max-image-preview":"max-image-preview:large","max-video-preview":"max-video-preview:-1"},"canonical":"https:\/\/drkerekesfanni.hu\/de\/kontakt\/","og_locale":"de_DE","og_type":"article","og_title":"Kontakt | Kerekes Fanni","og_description":"\u00a0 \u00a0 Arbeitspl\u00e4tze Lexodont 1026 Budapest, Trombit\u00e1s \u00fat 2. fsz\/2. +36 1 787 2467 www.lexodont.hu lexodontidopont@gmail.com Gesch\u00e4ftszeiten:Dienstag: 14:30-20:00 Clinident Fog\u00e1szati Centrum 1133 Budapest, Tutaj u. 6\/b +36 1 801 2250, +36 20 264 5840 www.clinident.hu info@clinident.hu Gesch\u00e4ftszeiten:Montag: 9:00-19:00Dienstag: 9:00-13:30Mittwoch: 9:00-19:00 \u00a0 \u00a0 Avicenna Dental 1067 Budapest, Podmaniczky utca 33. +36 20 3955218 www.avicenna-med.hu avicenna@avicenna-med.hu Gesch\u00e4ftszeiten:Donnerstag:","og_url":"https:\/\/drkerekesfanni.hu\/de\/kontakt\/","og_site_name":"Kerekes Fanni","og_image":[{"width":1024,"height":250,"url":"https:\/\/drkerekesfanni.hu\/uploads\/2014\/10\/kapcsolat_header.jpg","type":"image\/jpeg"}],"twitter_misc":{"Est. reading time":"1 minute"},"schema":{"@context":"https:\/\/schema.org","@graph":[{"@type":"WebPage","@id":"https:\/\/drkerekesfanni.hu\/de\/kontakt\/","url":"https:\/\/drkerekesfanni.hu\/de\/kontakt\/","name":"Kontakt | Kerekes Fanni","isPartOf":{"@id":"https:\/\/drkerekesfanni.hu\/en\/#website"},"primaryImageOfPage":{"@id":"https:\/\/drkerekesfanni.hu\/de\/kontakt\/#primaryimage"},"image":{"@id":"https:\/\/drkerekesfanni.hu\/de\/kontakt\/#primaryimage"},"thumbnailUrl":"https:\/\/drkerekesfanni.hu\/uploads\/2014\/10\/kapcsolat_header.jpg","datePublished":"2014-10-13T09:48:56+00:00","breadcrumb":{"@id":"https:\/\/drkerekesfanni.hu\/de\/kontakt\/#breadcrumb"},"inLanguage":"de-DE","potentialAction":[{"@type":"ReadAction","target":["https:\/\/drkerekesfanni.hu\/de\/kontakt\/"]}]},{"@type":"ImageObject","inLanguage":"de-DE","@id":"https:\/\/drkerekesfanni.hu\/de\/kontakt\/#primaryimage","url":"https:\/\/drkerekesfanni.hu\/uploads\/2014\/10\/kapcsolat_header.jpg","contentUrl":"https:\/\/drkerekesfanni.hu\/uploads\/2014\/10\/kapcsolat_header.jpg","width":1024,"height":250},{"@type":"BreadcrumbList","@id":"https:\/\/drkerekesfanni.hu\/de\/kontakt\/#breadcrumb","itemListElement":[{"@type":"ListItem","position":1,"name":"Kezd\u0151lap","item":"https:\/\/drkerekesfanni.hu\/en\/"},{"@type":"ListItem","position":2,"name":"Kontakt"}]},{"@type":"WebSite","@id":"https:\/\/drkerekesfanni.hu\/en\/#website","url":"https:\/\/drkerekesfanni.hu\/en\/","name":"Kerekes Fanni","description":"Why so serious?","potentialAction":[{"@type":"SearchAction","target":{"@type":"EntryPoint","urlTemplate":"https:\/\/drkerekesfanni.hu\/en\/?s={search_term_string}"},"query-input":{"@type":"PropertyValueSpecification","valueRequired":true,"valueName":"search_term_string"}}],"inLanguage":"de-DE"}]}},"_links":{"self":[{"href":"https:\/\/drkerekesfanni.hu\/de\/wp-json\/wp\/v2\/pages\/1514","targetHints":{"allow":["GET"]}}],"collection":[{"href":"https:\/\/drkerekesfanni.hu\/de\/wp-json\/wp\/v2\/pages"}],"about":[{"href":"https:\/\/drkerekesfanni.hu\/de\/wp-json\/wp\/v2\/types\/page"}],"author":[{"embeddable":true,"href":"https:\/\/drkerekesfanni.hu\/de\/wp-json\/wp\/v2\/users\/1"}],"replies":[{"embeddable":true,"href":"https:\/\/drkerekesfanni.hu\/de\/wp-json\/wp\/v2\/comments?post=1514"}],"version-history":[{"count":0,"href":"https:\/\/drkerekesfanni.hu\/de\/wp-json\/wp\/v2\/pages\/1514\/revisions"}],"wp:featuredmedia":[{"embeddable":true,"href":"https:\/\/drkerekesfanni.hu\/de\/wp-json\/wp\/v2\/media\/1261"}],"wp:attachment":[{"href":"https:\/\/drkerekesfanni.hu\/de\/wp-json\/wp\/v2\/media?parent=1514"}],"curies":[{"name":"wp","href":"https:\/\/api.w.org\/{rel}","templated":true}]}}