{"id":1513,"date":"2014-10-13T09:48:56","date_gmt":"2014-10-13T09:48:56","guid":{"rendered":"https:\/\/drkerekesfanni.hu\/contact\/"},"modified":"2014-10-13T09:48:56","modified_gmt":"2014-10-13T09:48:56","slug":"contact","status":"publish","type":"page","link":"https:\/\/drkerekesfanni.hu\/en\/contact\/","title":{"rendered":"Contact"},"content":{"rendered":"<div id=\"map\" style=\"width: auto; height: 450px;\">\u00a0<\/div>\r\n<p><script type=\"text\/javascript\">\/\/ <![CDATA[\r\nvar myStyle = [\r\n{\r\n featureType: \"administrative\",\r\n elementType: \"labels\",\r\n stylers: [\r\n   { visibility: \"off\" }\r\n ]\r\n},{\r\n featureType: \"poi\",\r\n elementType: \"labels\",\r\n stylers: [\r\n   { visibility: \"off\" }\r\n ]\r\n},{\r\n featureType: \"water\",\r\n elementType: \"labels\",\r\n stylers: [\r\n   { visibility: \"off\" }\r\n ]\r\n},{\r\n featureType: \"road\",\r\n elementType: \"labels\",\r\n stylers: [\r\n   { visibility: \"on\" }\r\n ]\r\n}\r\n];\r\nvar map = new google.maps.Map(document.getElementById('map'), {\r\nmapTypeControlOptions: {\r\n mapTypeIds: ['mystyle', google.maps.MapTypeId.ROADMAP, google.maps.MapTypeId.TERRAIN]\r\n},\r\ncenter: new google.maps.LatLng(47.490230, 19.047163),\r\nzoom: 12,\r\nmapTypeId: 'mystyle'\r\n});\r\n\r\n\r\nvar lexodentlogo = '\/includes\/images\/lexodentlogo.png';\r\nvar lexodentlatlng = new google.maps.LatLng(47.509158, 19.017261);\r\n\/\/ now, create the marker\r\nvar lexodentmarker = new google.maps.Marker({\r\nposition: lexodentlatlng,\r\nmap: map,\r\ntitle:'Lexodont',\r\nicon: lexodentlogo\r\n});\r\nvar  lexodentcontentString = '<strong>Lexodont <\/strong> 1026 Budapest, Trombit\u00e1s \u00fat 2. fszt\/2.';\r\nvar  lexodentinfowindow = new google.maps.InfoWindow({\r\ncontent: lexodentcontentString\r\n});\r\n\r\nvar clinidentlogo = '\/includes\/images\/clinidentlogo.png';\r\nvar clinidentlatlng = new google.maps.LatLng(47.522637, 19.059105);\r\n\/\/ now, create the marker\r\nvar clinidentmarker = new google.maps.Marker({\r\nposition: clinidentlatlng,\r\nmap: map,\r\ntitle:'Clinident',\r\nicon: clinidentlogo\r\n});\r\nvar  clinidentcontentString = '<strong>Clinident <\/strong> 1133 Budapest, Tutaj u. 6\/b';\r\nvar  clinidentinfowindow = new google.maps.InfoWindow({\r\ncontent: clinidentcontentString\r\n});\r\n\r\n\r\n\r\nvar avicennalogo = '\/\/drkerekesfanni.hu\/media\/2023\/09\/avicennalogo.png';\r\nvar avicennalatlng = new google.maps.LatLng(47.509746,19.059722);\r\n\/\/ now, create the marker\r\nvar avicennamarker = new google.maps.Marker({\r\nposition: avicennalatlng,\r\nmap: map,\r\ntitle:'Avicenna',\r\nicon: avicennalogo\r\n});\r\nvar  avicennacontentString = '<strong>Avicenna <\/strong> 1067 Budapest, Podmaniczky utca 33.';\r\nvar  avicennainfowindow = new google.maps.InfoWindow({\r\ncontent: avicennacontentString\r\n});\r\n\r\n\r\n\r\ngoogle.maps.event.addListener(lexodentmarker, 'click', function() {\r\nlexodentinfowindow.open(map,lexodentmarker);\r\n});\r\n\r\ngoogle.maps.event.addListener(clinidentmarker, 'click', function() {\r\nclinidentinfowindow.open(map,clinidentmarker);\r\n});\r\n\r\ngoogle.maps.event.addListener(dent4youmarker, 'click', function() {\r\ndent4youinfowindow.open(map, dent4youmarker);\r\n});\r\n\r\ngoogle.maps.event.addListener(avicennamarker, 'click', function() {\r\navicennainfowindow.open(map,avicennamarker);\r\n});\r\n\r\nmap.mapTypes.set('mystyle', new google.maps.StyledMapType(myStyle, { name: 'Fanni' }));\r\n\/\/ ]]><\/script><\/p>\r\n<div class=\"dt-sc-clear dt-sc-hr-invisible\" style=\"height: 20px;\">\u00a0<\/div>\r\n<h3>Workplaces<\/h3>\r\n<div class=\"column dt-sc-one-half contact first\" style=\"padding-left: 30px; box-sizing: border-box;\">\r\n<h4>Lexodont<\/h4>\r\n<p class=\"dt-sc-contact-info address\"><i class=\"fa fa-hospital-o\"><\/i><a href=\"https:\/\/www.google.com\/maps\/search\/?api=1&amp;query=1026+Budapest+Trombitas+ut+2\">1026 Budapest, Trombit\u00e1s \u00fat 2. fsz\/2.<\/a><\/p>\r\n<p class=\"dt-sc-contact-info\"><i class=\"fa fa-phone\"><\/i><a href=\"tel:+3617872467\">+36 1 787 2467<\/a><\/p>\r\n<p class=\"dt-sc-contact-info\"><i class=\"fa fa-external-link\"><\/i><a href=\"http:\/\/lexodont.hu\/\" target=\"_blank\" rel=\"noopener noreferrer\">www.lexodont.hu<\/a><\/p>\r\n<p class=\"dt-sc-contact-info\"><i class=\"fa fa-envelope-o\"><\/i><a href=\"mailto:lexodontidopont@gmail.com\">lexodontidopont@gmail.com<\/a><\/p>\r\n<p class=\"dt-sc-contact-info\"><i class=\"fa fa-clock-o\"><\/i>Hours:<br \/>Tuesday: 14:30-20:00<\/p>\r\n<\/div>\r\n<div class=\"column dt-sc-one-half contact last \" style=\"padding-left: 30px; box-sizing: border-box;\">\r\n<h4>Clinident Fog\u00e1szati Centrum<\/h4>\r\n<p class=\"dt-sc-contact-info address\"><i class=\"fa fa-hospital-o\"><\/i><a href=\"https:\/\/www.google.com\/maps\/search\/?api=1&amp;query=1133+Budapest+Tutaj+utca+6b\">1133 Budapest, Tutaj u. 6\/b<\/a><\/p>\r\n<p class=\"dt-sc-contact-info\"><i class=\"fa fa-phone\"><\/i><a href=\"tel:+3618012250\">+36 1 801 2250<\/a>, <a href=\"tel:+36202645840\">+36 20 264 5840<\/a><\/p>\r\n<p class=\"dt-sc-contact-info\"><i class=\"fa fa-external-link\"><\/i><a href=\"http:\/\/clinident.hu\/\" target=\"_blank\" rel=\"noopener noreferrer\">www.clinident.hu<\/a><\/p>\r\n<p class=\"dt-sc-contact-info\"><i class=\"fa fa-envelope-o\"><\/i><a href=\"mailto:info@clinident.hu\">info@clinident.hu<\/a><\/p>\r\n<p class=\"dt-sc-contact-info\"><i class=\"fa fa-clock-o\"><\/i>Hours:<br \/>Monday: 9:00-19:00<br \/>Tuesday: 9:00-13:31<br \/>Wednesday: 9:00-19:00<\/p>\r\n<\/div>\r\n<div class=\"dt-sc-clear\">\u00a0<\/div>\r\n<div class=\"dt-sc-hr-invisible-medium \">\u00a0<\/div>\r\n<div class=\"column dt-sc-one-half contact last\" style=\"padding-right: 30px; box-sizing: border-box;\">\r\n<h4>Avicenna Dental<\/h4>\r\n<p class=\"dt-sc-contact-info address\"><i class=\"fa fa-hospital-o\"><\/i><a href=\"https:\/\/www.google.com\/maps\/search\/?api=1&amp;query=1067+Budapest+Podmaniczky+utca+33\">1067 Budapest, Podmaniczky utca 33.<\/a><\/p>\r\n<p class=\"dt-sc-contact-info\"><i class=\"fa fa-phone\"><\/i><a href=\"tel:+36203955218\">+36 20 3955218<\/a><\/p>\r\n<p class=\"dt-sc-contact-info\"><i class=\"fa fa-external-link\"><\/i><a href=\"https:\/\/avicenna-med.hu\/\" target=\"_blank\" rel=\"noopener noreferrer\">www.avicenna-med.hu<\/a><\/p>\r\n<p class=\"dt-sc-contact-info\"><i class=\"fa fa-envelope-o\"><\/i><a href=\"mailto:avicenna@avicenna-med.hu\">avicenna@avicenna-med.hu <\/a><\/p>\r\n<p class=\"dt-sc-contact-info\"><i class=\"fa fa-clock-o\"><\/i>Hours:<br \/>Thursday: 9:00-13:00<br \/>once in a month<\/p>\r\n<\/div>\r\n<div class=\"dt-sc-clear\">\u00a0<\/div>\r\n<div class=\"dt-sc-hr-invisible-medium \">\u00a0<\/div>\r\n\r\n<div class=\"column dt-sc-one-column first\"><style type=\"text\/css\" scoped>\r\n\r\ntable#fanniwork {\r\n\t font-family: sans-serif;\r\n\t width: 100%;\r\n\t border-spacing: 0;\r\n\t border-collapse: collapse;\r\n\t table-layout: fixed;\r\n\t margin-bottom: 50px;\r\n}\r\n table#fanniwork thead tr th {\r\n\t background: #7c4591;\r\n\t color: #f8f4fa;\r\n\t padding: 0.5em;\r\n\t overflow: hidden;\r\n\t text-align: center;\r\n}\r\n table#fanniwork thead tr th:first-child {\r\n\t border-radius: 3px 0 0 0;\r\n}\r\n table#fanniwork thead tr th:last-child {\r\n\t border-radius: 0 3px 0 0;\r\n}\r\n table#fanniwork thead tr th .day {\r\n\t display: block;\r\n\t font-size: 1.2em;\r\n\t border-radius: 50%;\r\n\t width: 30px;\r\n\t height: 30px;\r\n\t margin: 0 auto 5px;\r\n\t padding: 5px;\r\n\t line-height: 1.8;\r\n}\r\n table#fanniwork thead tr th .short {\r\n\t display: none;\r\n}\r\n table#fanniwork tbody tr {\r\n\t background: #f8f4fa;\r\n}\r\n table#fanniwork tbody tr:nth-child(odd) {\r\n\t background: #eee3f2;\r\n}\r\n table#fanniwork tbody tr:nth-child(2n+0) td {\r\n\t border-bottom: 1px solid #7c4591;\r\n}\r\n table#fanniwork tbody tr td {\r\n\t text-align: center;\r\n\t vertical-align: middle;\r\n\t border-left: 1px solid #7c4591;\r\n\t position: relative;\r\n\t cursor: pointer;\r\n}\r\n table#fanniwork tbody tr td:last-child {\r\n\t border-right: 1px solid #7c4591;\r\n}\r\n table#fanniwork tbody tr td.hour {\r\n\t font-size: 1.5em;\r\n\t padding: 0;\r\n\t color: #7c4591;\r\n\t background: #fff;\r\n\t border-bottom: 1px solid #7c4591;\r\n\t border-collapse: separate;\r\n\t min-width: 100px;\r\n\t cursor: default;\r\n}\r\n table#fanniwork tbody tr td.hour span {\r\n\t display: block;\r\n}\r\n table#fanniwork tbody tr td.work {\r\n\t color: #7c4591;\r\n\t background: #ffffff;\r\n\t border-bottom: 1px solid #7c4591;\r\n\t border-collapse: separate;\r\n\t min-width: 100px;\r\n\t cursor: default;\r\n}\r\n @media (max-width: 60em) {\r\n\t table#fanniwork thead tr th .long {\r\n\t\t display: none;\r\n\t}\r\n\t table#fanniwork thead tr th .short {\r\n\t\t display: block;\r\n\t}\r\n\t table#fanniwork tbody tr td.hour span {\r\n\t\t transform: rotate(270deg);\r\n\t\t -webkit-transform: rotate(270deg);\r\n\t\t -moz-transform: rotate(270deg);\r\n\t\t font-size: 50%;\r\n\t}\r\n}\r\n @media (max-width: 27em) {\r\n\t table#fanniwork thead tr th {\r\n\t\t font-size: 65%;\r\n\t}\r\n\t table#fanniwork thead tr th .day {\r\n\t\t display: block;\r\n\t\t font-size: 1.2em;\r\n\t\t border-radius: 50%;\r\n\t\t width: 20px;\r\n\t\t height: 20px;\r\n\t\t margin: 0 auto 5px;\r\n\t\t padding: 5px;\r\n\t}\r\n\t table#fanniwork thead tr th .day.active {\r\n\t\t background: #f8f4fa;\r\n\t\t color: #7c4591;\r\n\t}\r\n\t table#fanniwork tbody tr td.hour {\r\n\t\t font-size: 1.7em;\r\n\t}\r\n\t table#fanniwork tbody tr td.hour sspan {\r\n\t\t transform: translateY(16px) rotate(270deg);\r\n\t\t -webkit-transform: translateY(16px) rotate(270deg);\r\n\t\t -moz-transform: translateY(16px) rotate(270deg);\r\n\t}\r\n}\r\n \r\n<\/style>\r\n<h3>Weekly plan<\/h3>\r\n\r\n\r\n\r\n\r\n\r\n\r\n\r\n\r\n\r\n\r\n<table id=\"fanniwork\">\r\n<thead>\r\n<tr>\r\n<th>&nbsp;<\/th>\r\n<th><span class=\"long\">Monday<\/span> <span class=\"short\">Mo<\/span><\/th>\r\n<th><span class=\"long\">Tuesday<\/span> <span class=\"short\">Tu<\/span><\/th>\r\n<th><span class=\"long\">Wednesday<\/span> <span class=\"short\">We<\/span><\/th>\r\n<th><span class=\"long\">Thursday<\/span> <span class=\"short\">Th<\/span><\/th>\r\n<\/tr>\r\n<\/thead>\r\n<tbody>\r\n\r\n\r\n\r\n<!-- 08:00 -->\r\n<tr>\r\n\t<td class=\"hour\" rowspan=\"2\">8:00<\/td>\r\n\t<!-- Hetf\u0151 -->\r\n\t<td>&nbsp;<\/td>\r\n\t<!-- Kedd -->\r\n\t<td>&nbsp;<\/td>\r\n\t<!-- Szerda -->\r\n\t<td>&nbsp;<\/td>\r\n\t<!-- Cs\u00fct\u00f6rt\u00f6k -->\r\n\t<td>&nbsp;<\/td>\r\n<\/tr>\r\n<tr>\r\n\t<!-- Hetf\u0151 -->\r\n\t<td>&nbsp;<\/td>\r\n\t<!-- Kedd -->\r\n\t<td>&nbsp;<\/td>\r\n\t<!-- Szerda -->\r\n\t<td>&nbsp;<\/td>\r\n\t<!-- Cs\u00fct\u00f6rt\u00f6k -->\r\n\t<td>&nbsp;<\/td>\r\n<\/tr>\r\n\r\n\r\n\r\n<!-- 09:00 -->\r\n<tr>\r\n\t<td class=\"hour\" rowspan=\"2\" >9:00<\/td>\r\n\t<td class=\"work\" rowspan=\"20\">Clinident<br \/>09:00 &#8211; 19:00<\/td>\r\n\t<td class=\"work\" rowspan=\"9\" >Clinident<br \/>09:00 &#8211; 13:30<\/td>\r\n\t<td class=\"work\" rowspan=\"20\">Clinident<br \/>09:00 &#8211; 19:00<\/td>\r\n\t<td class=\"work\" rowspan=\"9\" >Avicenna Dental<br \/>09:00 &#8211; 13:30<br \/>havi egy rendel\u00e9s<\/td>\r\n<\/tr>\r\n<tr>\r\n\t<!-- <td><\/td> -->\r\n\t<!-- <td><\/td> -->\r\n\t<!-- <td><\/td> -->\r\n\t<!-- <td><\/td> -->\r\n<\/tr>\r\n\r\n\r\n\r\n<!-- 10:00 -->\r\n<tr>\r\n\t<td class=\"hour\" rowspan=\"2\">10:00<\/td>\r\n\t<!-- <td><\/td> -->\r\n\t<!-- <td><\/td> -->\r\n\t<!-- <td><\/td> -->\r\n\t<!-- <td><\/td> -->\r\n<\/tr>\r\n<tr>\r\n\t<!-- <td><\/td> -->\r\n\t<!-- <td><\/td> -->\r\n\t<!-- <td><\/td> -->\r\n\t<!-- <td><\/td> -->\r\n<\/tr>\r\n\r\n\r\n\r\n<!-- 11:00 -->\r\n<tr>\r\n\t<td class=\"hour\" rowspan=\"2\">11:00<\/td>\r\n\t<!-- <td><\/td> -->\r\n\t<!-- <td><\/td> -->\r\n\t<!-- <td><\/td> -->\r\n\t<!-- <td><\/td> -->\r\n<\/tr>\r\n<tr>\r\n\t<!-- <td><\/td> -->\r\n\t<!-- <td><\/td> -->\r\n\t<!-- <td><\/td> -->\r\n\t<!-- <td><\/td> -->\r\n<\/tr>\r\n\r\n\r\n\r\n<!-- 12:00 -->\r\n<tr>\r\n\t<td class=\"hour\" rowspan=\"2\">12:00<\/td>\r\n\t<!-- <td><\/td> -->\r\n\t<!-- <td><\/td> -->\r\n\t<!-- <td><\/td> -->\r\n\t<!-- <td><\/td> -->\r\n<\/tr>\r\n<tr>\r\n\t<!-- <td><\/td> -->\r\n\t<!-- <td><\/td> -->\r\n\t<!-- <td><\/td> -->\r\n\t<!-- <td><\/td> -->\r\n<\/tr>\r\n\r\n\r\n\r\n<!-- 13:00 -->\r\n<tr>\r\n\t<td class=\"hour\" rowspan=\"2\">13:00<\/td>\r\n\t<!-- <td><\/td> -->\r\n\t<!-- <td><\/td> -->\r\n\t<!-- <td><\/td> -->\r\n\t<!-- <td><\/td> -->\r\n<\/tr>\r\n<tr>\r\n\t<!-- <td><\/td> -->\r\n\t<!-- <td><\/td> -->\r\n\t<td>&nbsp;<\/td>\r\n\t<td>&nbsp;<\/td>\r\n<\/tr>\r\n\r\n\r\n\r\n<!-- 14:00 -->\r\n<tr>\r\n\t<td class=\"hour\" rowspan=\"2\">14:00<\/td>\r\n\t<!-- <td><\/td> -->\r\n\t<!-- <td><\/td> -->\r\n\t<td>&nbsp;<\/td>\r\n\t<td>&nbsp;<\/td>\r\n<\/tr>\r\n<tr>\r\n\t<!-- <td><\/td> -->\r\n\t<td class=\"work\" rowspan=\"9\">Lexodont<br \/>14:30 &#8211; 19:00<\/td>\r\n\t<!-- <td ><\/td> -->\r\n\t<td>&nbsp;<\/td>\r\n<\/tr>\r\n\r\n\r\n\r\n<!-- 15:00 -->\r\n<tr>\r\n\t<td class=\"hour\" rowspan=\"2\">15:00<\/td>\r\n\t<!-- <td><\/td> -->\r\n\t<!-- <td><\/td> -->\r\n\t<!-- <td><\/td> -->\r\n\t<td>&nbsp;<\/td>\r\n<\/tr>\r\n<tr>\r\n\t<!-- <td><\/td> -->\r\n\t<!-- <td><\/td> -->\r\n\t<!-- <td><\/td> -->\r\n\t<td>&nbsp;<\/td>\r\n<\/tr>\r\n\r\n\r\n\r\n<!-- 16:00 -->\r\n<tr>\r\n\t<td class=\"hour\" rowspan=\"2\">16:00<\/td>\r\n\t<!-- <td><\/td> -->\r\n\t<!-- <td><\/td> -->\r\n\t<!-- <td><\/td> -->\r\n\t<td>&nbsp;<\/td>\r\n<\/tr>\r\n<tr>\r\n\t<!-- <td><\/td> -->\r\n\t<!-- <td><\/td> -->\r\n\t<!-- <td><\/td> -->\r\n\t<td>&nbsp;<\/td>\r\n<\/tr>\r\n\r\n\r\n\r\n<!-- 17:00 -->\r\n<tr>\r\n\t<td class=\"hour\" rowspan=\"2\">17:00<\/td>\r\n\t<!-- <td><\/td> -->\r\n\t<!-- <td><\/td> -->\r\n\t<!-- <td><\/td> -->\r\n\t<td>&nbsp;<\/td>\r\n<\/tr>\r\n<tr>\r\n\t<!-- <td><\/td> -->\r\n\t<!-- <td><\/td> -->\r\n\t<!-- <td><\/td> -->\r\n\t<td>&nbsp;<\/td>\r\n<\/tr>\r\n\r\n\r\n\r\n<!-- 18:00 -->\r\n<tr>\r\n\t<td class=\"hour\" rowspan=\"2\">18:00<\/td>\r\n\t<!-- <td><\/td> -->\r\n\t<!-- <td><\/td> -->\r\n\t<!-- <td><\/td> -->\r\n\t<td>&nbsp;<\/td>\r\n<\/tr>\r\n<tr>\r\n\t<!-- <td><\/td> -->\r\n\t<!-- <td><\/td> -->\r\n\t<!-- <td><\/td> -->\r\n\t<td>&nbsp;<\/td>\r\n<\/tr>\r\n\r\n\r\n\r\n<!-- 19:00 -->\r\n<tr>\r\n\t<td class=\"hour\" rowspan=\"2\">19:00<\/td>\r\n\t<td>&nbsp;<\/td>\r\n\t<td>&nbsp;<\/td>\r\n\t<td>&nbsp;<\/td>\r\n\t<td>&nbsp;<\/td>\r\n<\/tr>\r\n<tr>\r\n\t<td>&nbsp;<\/td>\r\n\t<td>&nbsp;<\/td>\r\n\t<td>&nbsp;<\/td>\r\n\t<td>&nbsp;<\/td>\r\n<\/tr>\r\n<!-- 20:00 -->\r\n<tr>\r\n\t<td class=\"hour\" rowspan=\"2\">20:00<\/td>\r\n\t<td>&nbsp;<\/td>\r\n\t<td>&nbsp;<\/td>\r\n\t<td>&nbsp;<\/td>\r\n\t<td>&nbsp;<\/td>\r\n<\/tr>\r\n<tr>\r\n\t<td>&nbsp;<\/td>\r\n\t<td>&nbsp;<\/td>\r\n\t<td>&nbsp;<\/td>\r\n\t<td>&nbsp;<\/td>\r\n<\/tr>\r\n<\/tbody>\r\n<\/table>\r\n\r\n\r\n\r\n\r\n\r\n\r\n\r\n\r\n\r\n\r\n\r\n\r\n\r\n\r\n\r\n\r\n\r\n\r\n\r\n\r\n\r\n\r\n\r\n\r\n<\/div>\r\n\r\n<div class=\"dt-sc-clear\">\u00a0<\/div>\r\n<div class=\"dt-sc-hr-invisible-medium \">\u00a0<\/div>\r\n<div class=\"column dt-sc-two-third first\">\r\n<h3>Message<\/h3>\r\n<p class=\"wpcf7-contact-form-not-found\"><strong>Error:<\/strong> Contact form not found.<\/p><\/div>\r\n<div class=\"column dt-sc-one-third \" style=\"display: none;\">\r\n<h3>Book an appointment<\/h3>\r\n.\r\n<div class=\"dt-sc-appointment\">\r\n<p class=\"dt-sc-contact-info\"><i class=\"fa fa-pencil\"><\/i>Online \u0171rlap: <a href=\"https:\/\/drkerekesfanni.hu\/book-an-appointment\/?lang=en\">T\u00f6ltse ki ezt az \u0171rlapot<\/a><\/p>\r\n<\/div>\r\n<\/div>","protected":false},"excerpt":{"rendered":"<p>\u00a0 \u00a0 Workplaces Lexodont 1026 Budapest, Trombit\u00e1s \u00fat 2. fsz\/2. +36 1 787 2467 www.lexodont.hu lexodontidopont@gmail.com Hours:Tuesday: 14:30-20:00 Clinident Fog\u00e1szati Centrum 1133 Budapest, Tutaj u. 6\/b +36 1 801 2250, +36 20 264 5840 www.clinident.hu info@clinident.hu Hours:Monday: 9:00-19:00Tuesday: 9:00-13:31Wednesday: 9:00-19:00 \u00a0 \u00a0 Avicenna Dental 1067 Budapest, Podmaniczky utca 33. +36 20 3955218 www.avicenna-med.hu avicenna@avicenna-med.hu Hours:Thursday: <\/p>\n","protected":false},"author":1,"featured_media":1260,"parent":0,"menu_order":0,"comment_status":"open","ping_status":"open","template":"","meta":{"footnotes":""},"class_list":["post-1513","page","type-page","status-publish","has-post-thumbnail","hentry"],"yoast_head":"<!-- This site is optimized with the Yoast SEO plugin v25.3.1 - https:\/\/yoast.com\/wordpress\/plugins\/seo\/ -->\n<title>Contact | Kerekes Fanni<\/title>\n<meta name=\"robots\" content=\"index, follow, max-snippet:-1, max-image-preview:large, max-video-preview:-1\" \/>\n<link rel=\"canonical\" href=\"https:\/\/drkerekesfanni.hu\/en\/contact\/\" \/>\n<meta property=\"og:locale\" content=\"en_US\" \/>\n<meta property=\"og:type\" content=\"article\" \/>\n<meta property=\"og:title\" content=\"Contact | Kerekes Fanni\" \/>\n<meta property=\"og:description\" content=\"\u00a0 \u00a0 Workplaces Lexodont 1026 Budapest, Trombit\u00e1s \u00fat 2. fsz\/2. +36 1 787 2467 www.lexodont.hu lexodontidopont@gmail.com Hours:Tuesday: 14:30-20:00 Clinident Fog\u00e1szati Centrum 1133 Budapest, Tutaj u. 6\/b +36 1 801 2250, +36 20 264 5840 www.clinident.hu info@clinident.hu Hours:Monday: 9:00-19:00Tuesday: 9:00-13:31Wednesday: 9:00-19:00 \u00a0 \u00a0 Avicenna Dental 1067 Budapest, Podmaniczky utca 33. +36 20 3955218 www.avicenna-med.hu avicenna@avicenna-med.hu Hours:Thursday:\" \/>\n<meta property=\"og:url\" content=\"https:\/\/drkerekesfanni.hu\/en\/contact\/\" \/>\n<meta property=\"og:site_name\" content=\"Kerekes Fanni\" \/>\n<meta property=\"og:image\" content=\"https:\/\/drkerekesfanni.hu\/wp-content\/uploads\/2014\/10\/kapcsolat_header.jpg\" \/>\n\t<meta property=\"og:image:width\" content=\"1024\" \/>\n\t<meta property=\"og:image:height\" content=\"250\" \/>\n\t<meta property=\"og:image:type\" content=\"image\/jpeg\" \/>\n<meta name=\"twitter:label1\" content=\"Est. reading time\" \/>\n\t<meta name=\"twitter:data1\" content=\"1 minute\" \/>\n<script type=\"application\/ld+json\" class=\"yoast-schema-graph\">{\"@context\":\"https:\/\/schema.org\",\"@graph\":[{\"@type\":\"WebPage\",\"@id\":\"https:\/\/drkerekesfanni.hu\/en\/contact\/\",\"url\":\"https:\/\/drkerekesfanni.hu\/en\/contact\/\",\"name\":\"Contact | Kerekes Fanni\",\"isPartOf\":{\"@id\":\"https:\/\/drkerekesfanni.hu\/en\/#website\"},\"primaryImageOfPage\":{\"@id\":\"https:\/\/drkerekesfanni.hu\/en\/contact\/#primaryimage\"},\"image\":{\"@id\":\"https:\/\/drkerekesfanni.hu\/en\/contact\/#primaryimage\"},\"thumbnailUrl\":\"https:\/\/drkerekesfanni.hu\/uploads\/2014\/10\/kapcsolat_header.jpg\",\"datePublished\":\"2014-10-13T09:48:56+00:00\",\"breadcrumb\":{\"@id\":\"https:\/\/drkerekesfanni.hu\/en\/contact\/#breadcrumb\"},\"inLanguage\":\"en-US\",\"potentialAction\":[{\"@type\":\"ReadAction\",\"target\":[\"https:\/\/drkerekesfanni.hu\/en\/contact\/\"]}]},{\"@type\":\"ImageObject\",\"inLanguage\":\"en-US\",\"@id\":\"https:\/\/drkerekesfanni.hu\/en\/contact\/#primaryimage\",\"url\":\"https:\/\/drkerekesfanni.hu\/uploads\/2014\/10\/kapcsolat_header.jpg\",\"contentUrl\":\"https:\/\/drkerekesfanni.hu\/uploads\/2014\/10\/kapcsolat_header.jpg\",\"width\":1024,\"height\":250},{\"@type\":\"BreadcrumbList\",\"@id\":\"https:\/\/drkerekesfanni.hu\/en\/contact\/#breadcrumb\",\"itemListElement\":[{\"@type\":\"ListItem\",\"position\":1,\"name\":\"Kezd\u0151lap\",\"item\":\"https:\/\/drkerekesfanni.hu\/en\/\"},{\"@type\":\"ListItem\",\"position\":2,\"name\":\"Contact\"}]},{\"@type\":\"WebSite\",\"@id\":\"https:\/\/drkerekesfanni.hu\/en\/#website\",\"url\":\"https:\/\/drkerekesfanni.hu\/en\/\",\"name\":\"Kerekes Fanni\",\"description\":\"Why so serious?\",\"potentialAction\":[{\"@type\":\"SearchAction\",\"target\":{\"@type\":\"EntryPoint\",\"urlTemplate\":\"https:\/\/drkerekesfanni.hu\/en\/?s={search_term_string}\"},\"query-input\":{\"@type\":\"PropertyValueSpecification\",\"valueRequired\":true,\"valueName\":\"search_term_string\"}}],\"inLanguage\":\"en-US\"}]}<\/script>\n<!-- \/ Yoast SEO plugin. -->","yoast_head_json":{"title":"Contact | Kerekes Fanni","robots":{"index":"index","follow":"follow","max-snippet":"max-snippet:-1","max-image-preview":"max-image-preview:large","max-video-preview":"max-video-preview:-1"},"canonical":"https:\/\/drkerekesfanni.hu\/en\/contact\/","og_locale":"en_US","og_type":"article","og_title":"Contact | Kerekes Fanni","og_description":"\u00a0 \u00a0 Workplaces Lexodont 1026 Budapest, Trombit\u00e1s \u00fat 2. fsz\/2. +36 1 787 2467 www.lexodont.hu lexodontidopont@gmail.com Hours:Tuesday: 14:30-20:00 Clinident Fog\u00e1szati Centrum 1133 Budapest, Tutaj u. 6\/b +36 1 801 2250, +36 20 264 5840 www.clinident.hu info@clinident.hu Hours:Monday: 9:00-19:00Tuesday: 9:00-13:31Wednesday: 9:00-19:00 \u00a0 \u00a0 Avicenna Dental 1067 Budapest, Podmaniczky utca 33. +36 20 3955218 www.avicenna-med.hu avicenna@avicenna-med.hu Hours:Thursday:","og_url":"https:\/\/drkerekesfanni.hu\/en\/contact\/","og_site_name":"Kerekes Fanni","og_image":[{"width":1024,"height":250,"url":"https:\/\/drkerekesfanni.hu\/wp-content\/uploads\/2014\/10\/kapcsolat_header.jpg","type":"image\/jpeg"}],"twitter_misc":{"Est. reading time":"1 minute"},"schema":{"@context":"https:\/\/schema.org","@graph":[{"@type":"WebPage","@id":"https:\/\/drkerekesfanni.hu\/en\/contact\/","url":"https:\/\/drkerekesfanni.hu\/en\/contact\/","name":"Contact | Kerekes Fanni","isPartOf":{"@id":"https:\/\/drkerekesfanni.hu\/en\/#website"},"primaryImageOfPage":{"@id":"https:\/\/drkerekesfanni.hu\/en\/contact\/#primaryimage"},"image":{"@id":"https:\/\/drkerekesfanni.hu\/en\/contact\/#primaryimage"},"thumbnailUrl":"https:\/\/drkerekesfanni.hu\/uploads\/2014\/10\/kapcsolat_header.jpg","datePublished":"2014-10-13T09:48:56+00:00","breadcrumb":{"@id":"https:\/\/drkerekesfanni.hu\/en\/contact\/#breadcrumb"},"inLanguage":"en-US","potentialAction":[{"@type":"ReadAction","target":["https:\/\/drkerekesfanni.hu\/en\/contact\/"]}]},{"@type":"ImageObject","inLanguage":"en-US","@id":"https:\/\/drkerekesfanni.hu\/en\/contact\/#primaryimage","url":"https:\/\/drkerekesfanni.hu\/uploads\/2014\/10\/kapcsolat_header.jpg","contentUrl":"https:\/\/drkerekesfanni.hu\/uploads\/2014\/10\/kapcsolat_header.jpg","width":1024,"height":250},{"@type":"BreadcrumbList","@id":"https:\/\/drkerekesfanni.hu\/en\/contact\/#breadcrumb","itemListElement":[{"@type":"ListItem","position":1,"name":"Kezd\u0151lap","item":"https:\/\/drkerekesfanni.hu\/en\/"},{"@type":"ListItem","position":2,"name":"Contact"}]},{"@type":"WebSite","@id":"https:\/\/drkerekesfanni.hu\/en\/#website","url":"https:\/\/drkerekesfanni.hu\/en\/","name":"Kerekes Fanni","description":"Why so serious?","potentialAction":[{"@type":"SearchAction","target":{"@type":"EntryPoint","urlTemplate":"https:\/\/drkerekesfanni.hu\/en\/?s={search_term_string}"},"query-input":{"@type":"PropertyValueSpecification","valueRequired":true,"valueName":"search_term_string"}}],"inLanguage":"en-US"}]}},"_links":{"self":[{"href":"https:\/\/drkerekesfanni.hu\/en\/wp-json\/wp\/v2\/pages\/1513","targetHints":{"allow":["GET"]}}],"collection":[{"href":"https:\/\/drkerekesfanni.hu\/en\/wp-json\/wp\/v2\/pages"}],"about":[{"href":"https:\/\/drkerekesfanni.hu\/en\/wp-json\/wp\/v2\/types\/page"}],"author":[{"embeddable":true,"href":"https:\/\/drkerekesfanni.hu\/en\/wp-json\/wp\/v2\/users\/1"}],"replies":[{"embeddable":true,"href":"https:\/\/drkerekesfanni.hu\/en\/wp-json\/wp\/v2\/comments?post=1513"}],"version-history":[{"count":0,"href":"https:\/\/drkerekesfanni.hu\/en\/wp-json\/wp\/v2\/pages\/1513\/revisions"}],"wp:featuredmedia":[{"embeddable":true,"href":"https:\/\/drkerekesfanni.hu\/en\/wp-json\/wp\/v2\/media\/1260"}],"wp:attachment":[{"href":"https:\/\/drkerekesfanni.hu\/en\/wp-json\/wp\/v2\/media?parent=1513"}],"curies":[{"name":"wp","href":"https:\/\/api.w.org\/{rel}","templated":true}]}}