{"id":1519,"date":"2015-01-05T22:27:29","date_gmt":"2015-01-05T22:27:29","guid":{"rendered":"https:\/\/drkerekesfanni.hu\/book-an-appointment\/"},"modified":"2015-01-05T22:27:29","modified_gmt":"2015-01-05T22:27:29","slug":"book-an-appointment","status":"publish","type":"page","link":"https:\/\/drkerekesfanni.hu\/en\/book-an-appointment\/","title":{"rendered":"Book an appointment"},"content":{"rendered":"<div class=\"column dt-sc-two-third first\">\n<div class=\"dt-sc-titled-box \">\n<h6 class=\"dt-sc-titled-box-title\">Book an appointment<\/h6>\n<div class=\"dt-sc-titled-box-content\">\n<div class=\"wpcf7 no-js\" id=\"wpcf7-f1585-o1\" lang=\"en-US\" dir=\"ltr\" data-wpcf7-id=\"1585\">\n<div class=\"screen-reader-response\"><p role=\"status\" aria-live=\"polite\" aria-atomic=\"true\"><\/p> <ul><\/ul><\/div>\n<form action=\"\/en\/wp-json\/wp\/v2\/pages\/1519#wpcf7-f1585-o1\" method=\"post\" class=\"wpcf7-form init\" aria-label=\"Contact form\" enctype=\"multipart\/form-data\" novalidate=\"novalidate\" data-status=\"init\">\n<fieldset class=\"hidden-fields-container\"><input type=\"hidden\" name=\"_wpcf7\" value=\"1585\" \/><input type=\"hidden\" name=\"_wpcf7_version\" value=\"6.1\" \/><input type=\"hidden\" name=\"_wpcf7_locale\" value=\"en_US\" \/><input type=\"hidden\" name=\"_wpcf7_unit_tag\" value=\"wpcf7-f1585-o1\" \/><input type=\"hidden\" name=\"_wpcf7_container_post\" value=\"0\" \/><input type=\"hidden\" name=\"_wpcf7_posted_data_hash\" value=\"\" \/><input type=\"hidden\" name=\"_wpcf7_recaptcha_response\" value=\"\" \/>\n<\/fieldset>\n<p><br \/>\n<span class=\"wpcf7-form-control-wrap\" data-name=\"szolgaltatas\"><select class=\"wpcf7-form-control wpcf7-select wpcf7-validates-as-required department-field\" id=\"department-field\" aria-required=\"true\" aria-invalid=\"false\" name=\"szolgaltatas\"><option value=\"Choose your service!\">Choose your service!<\/option><option value=\"Orthodontics\">Orthodontics<\/option><option value=\"Fillings\">Fillings<\/option><option value=\"Crowns\">Crowns<\/option><option value=\"Rootcanal treatments\">Rootcanal treatments<\/option><\/select><\/span>\n<\/p>\n<p><span class=\"wpcf7-form-control-wrap\" data-name=\"your-name\"><input size=\"40\" maxlength=\"400\" class=\"wpcf7-form-control wpcf7-text wpcf7-validates-as-required\" aria-required=\"true\" aria-invalid=\"false\" placeholder=\"Name (required)\" value=\"\" type=\"text\" name=\"your-name\" \/><\/span>\n<\/p>\n<p><span class=\"wpcf7-form-control-wrap\" data-name=\"telefonszam\"><input size=\"40\" maxlength=\"400\" class=\"wpcf7-form-control wpcf7-tel wpcf7-validates-as-required wpcf7-text wpcf7-validates-as-tel\" aria-required=\"true\" aria-invalid=\"false\" placeholder=\"Phone number\" value=\"\" type=\"tel\" name=\"telefonszam\" \/><\/span>\n<\/p>\n<p><br \/>\n<span class=\"wpcf7-form-control-wrap\" data-name=\"your-email\"><input size=\"40\" maxlength=\"400\" class=\"wpcf7-form-control wpcf7-email wpcf7-validates-as-required wpcf7-text wpcf7-validates-as-email\" aria-required=\"true\" aria-invalid=\"false\" placeholder=\"E-mail (required)\" value=\"\" type=\"email\" name=\"your-email\" \/><\/span>\n<\/p>\n<p><span class=\"wpcf7-form-control-wrap\" data-name=\"rendelo\"><select class=\"wpcf7-form-control wpcf7-select wpcf7-validates-as-required\" id=\"rendelo\" aria-required=\"true\" aria-invalid=\"false\" name=\"rendelo\"><option value=\"Which dental office would suit you the most?\">Which dental office would suit you the most?<\/option><option value=\"Lexodont (V\u00e1rosmajor)\">Lexodont (V\u00e1rosmajor)<\/option><option value=\"Clinident (\u00dajlip\u00f3tv\u00e1ros)\">Clinident (\u00dajlip\u00f3tv\u00e1ros)<\/option><option value=\"Dentist for You (Ferencv\u00e1ros)\">Dentist for You (Ferencv\u00e1ros)<\/option><\/select><\/span>\n<\/p>\n<p>[datetime datetime-245 date-format:mm\/dd\/yy time-format:HH:mm first-day:1 placeholder\"Date\" ]\n<\/p>\n<p>You can upload your panoramic X-ray for a preliminary consultation\n<\/p>\n<p><span class=\"wpcf7-form-control-wrap\" data-name=\"rontgen\"><input size=\"40\" class=\"wpcf7-form-control wpcf7-file\" accept=\"audio\/*,video\/*,image\/*\" aria-invalid=\"false\" type=\"file\" name=\"rontgen\" \/><\/span>\n<\/p>\n<p><input class=\"wpcf7-form-control wpcf7-submit has-spinner\" type=\"submit\" value=\"Send\" \/>\n<\/p><div class=\"wpcf7-response-output\" aria-hidden=\"true\"><\/div>\n<\/form>\n<\/div>\n<\/div>\n<\/div>\n<\/div>\n<div class=\"column dt-sc-one-third last\">When you book an appointment, there won&#8217;t be any waiting.<\/div>\n","protected":false},"excerpt":{"rendered":"<p>Book an appointment When you book an appointment, there won&#8217;t be any waiting.<\/p>\n","protected":false},"author":1,"featured_media":0,"parent":0,"menu_order":0,"comment_status":"open","ping_status":"open","template":"","meta":{"footnotes":""},"class_list":["post-1519","page","type-page","status-publish","hentry"],"yoast_head":"<!-- This site is optimized with the Yoast SEO plugin v25.3.1 - https:\/\/yoast.com\/wordpress\/plugins\/seo\/ -->\n<title>Book an appointment | Kerekes Fanni<\/title>\n<meta name=\"robots\" content=\"index, follow, max-snippet:-1, max-image-preview:large, max-video-preview:-1\" \/>\n<link rel=\"canonical\" href=\"https:\/\/drkerekesfanni.hu\/en\/book-an-appointment\/\" \/>\n<meta property=\"og:locale\" content=\"en_US\" \/>\n<meta property=\"og:type\" content=\"article\" \/>\n<meta property=\"og:title\" content=\"Book an appointment | Kerekes Fanni\" \/>\n<meta property=\"og:description\" content=\"Book an appointment When you book an appointment, there won&#8217;t be any waiting.\" \/>\n<meta property=\"og:url\" content=\"https:\/\/drkerekesfanni.hu\/en\/book-an-appointment\/\" \/>\n<meta property=\"og:site_name\" content=\"Kerekes Fanni\" \/>\n<script type=\"application\/ld+json\" class=\"yoast-schema-graph\">{\"@context\":\"https:\/\/schema.org\",\"@graph\":[{\"@type\":\"WebPage\",\"@id\":\"https:\/\/drkerekesfanni.hu\/en\/book-an-appointment\/\",\"url\":\"https:\/\/drkerekesfanni.hu\/en\/book-an-appointment\/\",\"name\":\"Book an appointment | Kerekes Fanni\",\"isPartOf\":{\"@id\":\"https:\/\/drkerekesfanni.hu\/en\/#website\"},\"datePublished\":\"2015-01-05T22:27:29+00:00\",\"breadcrumb\":{\"@id\":\"https:\/\/drkerekesfanni.hu\/en\/book-an-appointment\/#breadcrumb\"},\"inLanguage\":\"en-US\",\"potentialAction\":[{\"@type\":\"ReadAction\",\"target\":[\"https:\/\/drkerekesfanni.hu\/en\/book-an-appointment\/\"]}]},{\"@type\":\"BreadcrumbList\",\"@id\":\"https:\/\/drkerekesfanni.hu\/en\/book-an-appointment\/#breadcrumb\",\"itemListElement\":[{\"@type\":\"ListItem\",\"position\":1,\"name\":\"Kezd\u0151lap\",\"item\":\"https:\/\/drkerekesfanni.hu\/en\/\"},{\"@type\":\"ListItem\",\"position\":2,\"name\":\"Book an appointment\"}]},{\"@type\":\"WebSite\",\"@id\":\"https:\/\/drkerekesfanni.hu\/en\/#website\",\"url\":\"https:\/\/drkerekesfanni.hu\/en\/\",\"name\":\"Kerekes Fanni\",\"description\":\"Why so serious?\",\"potentialAction\":[{\"@type\":\"SearchAction\",\"target\":{\"@type\":\"EntryPoint\",\"urlTemplate\":\"https:\/\/drkerekesfanni.hu\/en\/?s={search_term_string}\"},\"query-input\":{\"@type\":\"PropertyValueSpecification\",\"valueRequired\":true,\"valueName\":\"search_term_string\"}}],\"inLanguage\":\"en-US\"}]}<\/script>\n<!-- \/ Yoast SEO plugin. -->","yoast_head_json":{"title":"Book an appointment | Kerekes Fanni","robots":{"index":"index","follow":"follow","max-snippet":"max-snippet:-1","max-image-preview":"max-image-preview:large","max-video-preview":"max-video-preview:-1"},"canonical":"https:\/\/drkerekesfanni.hu\/en\/book-an-appointment\/","og_locale":"en_US","og_type":"article","og_title":"Book an appointment | Kerekes Fanni","og_description":"Book an appointment When you book an appointment, there won&#8217;t be any waiting.","og_url":"https:\/\/drkerekesfanni.hu\/en\/book-an-appointment\/","og_site_name":"Kerekes Fanni","schema":{"@context":"https:\/\/schema.org","@graph":[{"@type":"WebPage","@id":"https:\/\/drkerekesfanni.hu\/en\/book-an-appointment\/","url":"https:\/\/drkerekesfanni.hu\/en\/book-an-appointment\/","name":"Book an appointment | Kerekes Fanni","isPartOf":{"@id":"https:\/\/drkerekesfanni.hu\/en\/#website"},"datePublished":"2015-01-05T22:27:29+00:00","breadcrumb":{"@id":"https:\/\/drkerekesfanni.hu\/en\/book-an-appointment\/#breadcrumb"},"inLanguage":"en-US","potentialAction":[{"@type":"ReadAction","target":["https:\/\/drkerekesfanni.hu\/en\/book-an-appointment\/"]}]},{"@type":"BreadcrumbList","@id":"https:\/\/drkerekesfanni.hu\/en\/book-an-appointment\/#breadcrumb","itemListElement":[{"@type":"ListItem","position":1,"name":"Kezd\u0151lap","item":"https:\/\/drkerekesfanni.hu\/en\/"},{"@type":"ListItem","position":2,"name":"Book an appointment"}]},{"@type":"WebSite","@id":"https:\/\/drkerekesfanni.hu\/en\/#website","url":"https:\/\/drkerekesfanni.hu\/en\/","name":"Kerekes Fanni","description":"Why so serious?","potentialAction":[{"@type":"SearchAction","target":{"@type":"EntryPoint","urlTemplate":"https:\/\/drkerekesfanni.hu\/en\/?s={search_term_string}"},"query-input":{"@type":"PropertyValueSpecification","valueRequired":true,"valueName":"search_term_string"}}],"inLanguage":"en-US"}]}},"_links":{"self":[{"href":"https:\/\/drkerekesfanni.hu\/en\/wp-json\/wp\/v2\/pages\/1519","targetHints":{"allow":["GET"]}}],"collection":[{"href":"https:\/\/drkerekesfanni.hu\/en\/wp-json\/wp\/v2\/pages"}],"about":[{"href":"https:\/\/drkerekesfanni.hu\/en\/wp-json\/wp\/v2\/types\/page"}],"author":[{"embeddable":true,"href":"https:\/\/drkerekesfanni.hu\/en\/wp-json\/wp\/v2\/users\/1"}],"replies":[{"embeddable":true,"href":"https:\/\/drkerekesfanni.hu\/en\/wp-json\/wp\/v2\/comments?post=1519"}],"version-history":[{"count":0,"href":"https:\/\/drkerekesfanni.hu\/en\/wp-json\/wp\/v2\/pages\/1519\/revisions"}],"wp:attachment":[{"href":"https:\/\/drkerekesfanni.hu\/en\/wp-json\/wp\/v2\/media?parent=1519"}],"curies":[{"name":"wp","href":"https:\/\/api.w.org\/{rel}","templated":true}]}}